{"id":995602,"date":"2025-05-09T16:13:27","date_gmt":"2025-05-09T14:13:27","guid":{"rendered":"https:\/\/corretja-sl.com\/ferreteria\/caracoleria\/"},"modified":"2025-07-22T13:07:34","modified_gmt":"2025-07-22T11:07:34","slug":"caracoleria","status":"publish","type":"page","link":"https:\/\/corretja-sl.com\/es\/ferreteria\/caracoleria\/","title":{"rendered":"Caracoler\u00eda"},"content":{"rendered":"\t\t<div data-elementor-type=\"wp-page\" data-elementor-id=\"995602\" class=\"elementor elementor-995602\" data-elementor-post-type=\"page\">\n\t\t\t\t<div class=\"elementor-element elementor-element-265b7fb e-flex e-con-boxed e-con e-parent\" data-id=\"265b7fb\" data-element_type=\"container\" data-e-type=\"container\">\n\t\t\t\t\t<div class=\"e-con-inner\">\n\t\t\t\t<div class=\"elementor-element elementor-element-6ddcac4 elementor-align-left elementor-widget elementor-widget-breadcrumbs\" data-id=\"6ddcac4\" data-element_type=\"widget\" data-e-type=\"widget\" data-widget_type=\"breadcrumbs.default\">\n\t\t\t\t<div class=\"elementor-widget-container\">\n\t\t\t\t\t<p id=\"breadcrumbs\"><span><span><a href=\"https:\/\/corretja-sl.com\/es\/\">Inici<\/a><\/span><\/span><\/p>\t\t\t\t<\/div>\n\t\t\t\t<\/div>\n\t\t\t\t\t<\/div>\n\t\t\t\t<\/div>\n\t\t<div class=\"elementor-element elementor-element-e4470d1 e-con-full e-flex e-con e-parent\" data-id=\"e4470d1\" data-element_type=\"container\" data-e-type=\"container\">\n\t\t<div class=\"elementor-element elementor-element-bbc12cb e-con-full e-flex e-con e-child\" data-id=\"bbc12cb\" data-element_type=\"container\" data-e-type=\"container\" data-settings=\"{&quot;background_background&quot;:&quot;classic&quot;,&quot;background_motion_fx_motion_fx_scrolling&quot;:&quot;yes&quot;,&quot;background_motion_fx_scale_effect&quot;:&quot;yes&quot;,&quot;background_motion_fx_scale_direction&quot;:&quot;in-out&quot;,&quot;background_motion_fx_scale_speed&quot;:{&quot;unit&quot;:&quot;px&quot;,&quot;size&quot;:2,&quot;sizes&quot;:[]},&quot;background_motion_fx_scale_range&quot;:{&quot;unit&quot;:&quot;%&quot;,&quot;size&quot;:&quot;&quot;,&quot;sizes&quot;:{&quot;start&quot;:10,&quot;end&quot;:78}},&quot;background_motion_fx_devices&quot;:[&quot;desktop&quot;]}\">\n\t\t\t\t<div class=\"elementor-element elementor-element-a93287f elementor-widget elementor-widget-image\" data-id=\"a93287f\" data-element_type=\"widget\" data-e-type=\"widget\" data-widget_type=\"image.default\">\n\t\t\t\t<div class=\"elementor-widget-container\">\n\t\t\t\t\t\t\t\t\t\t\t\t\t\t\t<img decoding=\"async\" width=\"150\" height=\"150\" src=\"https:\/\/corretja-sl.com\/wp-content\/uploads\/2025\/06\/icona-150x150.png\" class=\"attachment-thumbnail size-thumbnail wp-image-993846\" alt=\"Icona Corretja SL\" srcset=\"https:\/\/corretja-sl.com\/wp-content\/uploads\/2025\/06\/icona-150x150.png 150w, https:\/\/corretja-sl.com\/wp-content\/uploads\/2025\/06\/icona-300x300.png 300w, https:\/\/corretja-sl.com\/wp-content\/uploads\/2025\/06\/icona-768x768.png 768w, https:\/\/corretja-sl.com\/wp-content\/uploads\/2025\/06\/icona.png 800w\" sizes=\"(max-width: 150px) 100vw, 150px\" \/>\t\t\t\t\t\t\t\t\t\t\t\t\t\t\t<\/div>\n\t\t\t\t<\/div>\n\t\t\t\t<div class=\"elementor-element elementor-element-db88cf2 elementor-widget elementor-widget-heading\" data-id=\"db88cf2\" data-element_type=\"widget\" data-e-type=\"widget\" data-widget_type=\"heading.default\">\n\t\t\t\t<div class=\"elementor-widget-container\">\n\t\t\t\t\t<h1 class=\"elementor-heading-title elementor-size-default\">Caracoler\u00eda<\/h1>\t\t\t\t<\/div>\n\t\t\t\t<\/div>\n\t\t\t\t<div class=\"vamtam-has-theme-widget-styles elementor-element elementor-element-699a4d7 elementor-widget elementor-widget-text-editor\" data-id=\"699a4d7\" data-element_type=\"widget\" data-e-type=\"widget\" data-widget_type=\"text-editor.default\">\n\t\t\t\t<div class=\"elementor-widget-container\">\n\t\t\t\t\t\t\t\t\tEn Corretja damos mucha importancia al hecho de escoger el mejor m\u00e9todo de fijaci\u00f3n para cada proyecto. Por eso tenemos una gran gama de productos para todo tipo de anclajes y te ofrecemos todas las opciones de fijaci\u00f3n y todo tipo de tornillos para hormig\u00f3n, madera o acero con diferentes puntas, cabezas y materiales.\n\t\t\t\t\t\t\t\t<\/div>\n\t\t\t\t<\/div>\n\t\t\t\t<div class=\"vamtam-has-theme-widget-styles elementor-element elementor-element-21fbeb8 vamtam-has-hover-anim elementor-widget elementor-widget-button\" data-id=\"21fbeb8\" data-element_type=\"widget\" data-e-type=\"widget\" data-widget_type=\"button.default\">\n\t\t\t\t<div class=\"elementor-widget-container\">\n\t\t\t\t\t\t\t\t\t<div class=\"elementor-button-wrapper\">\n\t\t\t\t\t<a class=\"elementor-button elementor-button-link elementor-size-sm\" href=\"#marques\">\n\t\t\t\t\t\t<span class=\"elementor-button-content-wrapper\">\n\t\t\t\t\t\t\t\t\t<span class=\"elementor-button-text\">Trabajamos con las mejores marcas<\/span>\n\t\t\t\t\t<\/span>\n\t\t\t\t\t<\/a>\n\t\t\t\t<\/div>\n\t\t\t\t\t\t\t\t<\/div>\n\t\t\t\t<\/div>\n\t\t\t\t<\/div>\n\t\t<div class=\"elementor-element elementor-element-1e88b1b e-con-full e-flex e-con e-child\" data-id=\"1e88b1b\" data-element_type=\"container\" data-e-type=\"container\" data-settings=\"{&quot;background_background&quot;:&quot;classic&quot;,&quot;background_motion_fx_motion_fx_scrolling&quot;:&quot;yes&quot;,&quot;background_motion_fx_scale_effect&quot;:&quot;yes&quot;,&quot;background_motion_fx_scale_direction&quot;:&quot;in-out&quot;,&quot;background_motion_fx_scale_speed&quot;:{&quot;unit&quot;:&quot;px&quot;,&quot;size&quot;:2,&quot;sizes&quot;:[]},&quot;background_motion_fx_scale_range&quot;:{&quot;unit&quot;:&quot;%&quot;,&quot;size&quot;:&quot;&quot;,&quot;sizes&quot;:{&quot;start&quot;:10,&quot;end&quot;:78}},&quot;background_motion_fx_devices&quot;:[&quot;desktop&quot;,&quot;tablet&quot;],&quot;animation&quot;:&quot;none&quot;}\">\n\t\t\t\t<\/div>\n\t\t\t\t<\/div>\n\t\t<div class=\"elementor-element elementor-element-2786201 e-con-full e-flex e-con e-parent\" data-id=\"2786201\" data-element_type=\"container\" data-e-type=\"container\" data-settings=\"{&quot;background_background&quot;:&quot;classic&quot;,&quot;background_motion_fx_motion_fx_scrolling&quot;:&quot;yes&quot;,&quot;background_motion_fx_translateX_effect&quot;:&quot;yes&quot;,&quot;background_motion_fx_translateX_speed&quot;:{&quot;unit&quot;:&quot;px&quot;,&quot;size&quot;:1,&quot;sizes&quot;:[]},&quot;background_motion_fx_devices&quot;:[&quot;desktop&quot;],&quot;background_motion_fx_translateX_affectedRange&quot;:{&quot;unit&quot;:&quot;%&quot;,&quot;size&quot;:&quot;&quot;,&quot;sizes&quot;:{&quot;start&quot;:0,&quot;end&quot;:100}}}\">\n\t\t\t\t<\/div>\n\t\t<div class=\"elementor-element elementor-element-a3ddb9b e-con-full e-flex e-con e-parent\" data-id=\"a3ddb9b\" data-element_type=\"container\" data-e-type=\"container\">\n\t\t<div class=\"elementor-element elementor-element-5d857d8 e-con-full e-flex e-con e-child\" data-id=\"5d857d8\" data-element_type=\"container\" data-e-type=\"container\" data-settings=\"{&quot;background_background&quot;:&quot;classic&quot;,&quot;background_motion_fx_motion_fx_scrolling&quot;:&quot;yes&quot;,&quot;background_motion_fx_scale_effect&quot;:&quot;yes&quot;,&quot;background_motion_fx_scale_direction&quot;:&quot;in-out&quot;,&quot;background_motion_fx_scale_speed&quot;:{&quot;unit&quot;:&quot;px&quot;,&quot;size&quot;:2,&quot;sizes&quot;:[]},&quot;background_motion_fx_scale_range&quot;:{&quot;unit&quot;:&quot;%&quot;,&quot;size&quot;:&quot;&quot;,&quot;sizes&quot;:{&quot;start&quot;:10,&quot;end&quot;:78}},&quot;background_motion_fx_devices&quot;:[&quot;desktop&quot;]}\">\n\t\t\t\t<\/div>\n\t\t<div class=\"elementor-element elementor-element-3bd1dfe e-con-full e-flex e-con e-child\" data-id=\"3bd1dfe\" data-element_type=\"container\" data-e-type=\"container\" data-settings=\"{&quot;background_background&quot;:&quot;classic&quot;}\">\n\t\t<div class=\"elementor-element elementor-element-c72adcb e-con-full e-flex e-con e-child\" data-id=\"c72adcb\" data-element_type=\"container\" data-e-type=\"container\">\n\t\t\t\t<div class=\"elementor-element elementor-element-adbf212 elementor-widget elementor-widget-heading\" data-id=\"adbf212\" data-element_type=\"widget\" data-e-type=\"widget\" data-widget_type=\"heading.default\">\n\t\t\t\t<div class=\"elementor-widget-container\">\n\t\t\t\t\t<h2 class=\"elementor-heading-title elementor-size-default\">Construcci\u00f3n en madera<\/h2>\t\t\t\t<\/div>\n\t\t\t\t<\/div>\n\t\t\t\t<div class=\"vamtam-has-theme-widget-styles elementor-element elementor-element-fd88392 elementor-widget elementor-widget-text-editor\" data-id=\"fd88392\" data-element_type=\"widget\" data-e-type=\"widget\" data-widget_type=\"text-editor.default\">\n\t\t\t\t<div class=\"elementor-widget-container\">\n\t\t\t\t\t\t\t\t\t<p><span style=\"font-weight: 400;\">Nuestros proveedores son las mejores marcas del mercado, lo que reafirma la importancia que le damos al producto. Como novedad, hemos incorporado a nuestro cat\u00e1logo una marca de tornillos y accesorios de alta calidad para la construcci\u00f3n en madera, ofreciendo as\u00ed mayor resistencia, precisi\u00f3n y durabilidad a cada proyecto.<\/span><\/p>\t\t\t\t\t\t\t\t<\/div>\n\t\t\t\t<\/div>\n\t\t\t\t<\/div>\n\t\t\t\t<\/div>\n\t\t\t\t<\/div>\n\t\t<div class=\"elementor-element elementor-element-653850b e-con-full e-flex e-con e-parent\" data-id=\"653850b\" data-element_type=\"container\" data-e-type=\"container\" id=\"marques\" data-settings=\"{&quot;background_background&quot;:&quot;classic&quot;}\">\n\t\t<div class=\"elementor-element elementor-element-798c430 e-con-full e-flex e-con e-child\" data-id=\"798c430\" data-element_type=\"container\" data-e-type=\"container\">\n\t\t\t\t<div class=\"elementor-element elementor-element-c2ce3bb elementor-widget__width-initial elementor-widget-tablet__width-inherit elementor-widget elementor-widget-heading\" data-id=\"c2ce3bb\" data-element_type=\"widget\" data-e-type=\"widget\" data-widget_type=\"heading.default\">\n\t\t\t\t<div class=\"elementor-widget-container\">\n\t\t\t\t\t<h3 class=\"elementor-heading-title elementor-size-default\">Trabajamos con las mejores marcas<\/h3>\t\t\t\t<\/div>\n\t\t\t\t<\/div>\n\t\t\t\t<div class=\"elementor-element elementor-element-d9a97a2 elementor-arrows-position-inside elementor-pagination-position-outside elementor-widget elementor-widget-image-carousel\" data-id=\"d9a97a2\" data-element_type=\"widget\" data-e-type=\"widget\" data-settings=\"{&quot;slides_to_show&quot;:&quot;4&quot;,&quot;slides_to_show_tablet&quot;:&quot;3&quot;,&quot;slides_to_show_mobile&quot;:&quot;2&quot;,&quot;autoplay_speed&quot;:1000,&quot;navigation&quot;:&quot;both&quot;,&quot;autoplay&quot;:&quot;yes&quot;,&quot;pause_on_hover&quot;:&quot;yes&quot;,&quot;pause_on_interaction&quot;:&quot;yes&quot;,&quot;infinite&quot;:&quot;yes&quot;,&quot;speed&quot;:500}\" data-widget_type=\"image-carousel.default\">\n\t\t\t\t<div class=\"elementor-widget-container\">\n\t\t\t\t\t\t\t<div class=\"elementor-image-carousel-wrapper swiper\" role=\"region\" aria-roledescription=\"carousel\" aria-label=\"Carrusel d&#039;imatges\" dir=\"ltr\">\n\t\t\t<div class=\"elementor-image-carousel swiper-wrapper\" aria-live=\"off\">\n\t\t\t\t\t\t\t\t<div class=\"swiper-slide\" role=\"group\" aria-roledescription=\"slide\" aria-label=\"1 de 4\"><figure class=\"swiper-slide-inner\"><img decoding=\"async\" class=\"swiper-slide-image\" src=\"https:\/\/corretja-sl.com\/wp-content\/uploads\/2025\/05\/Eurotec_1.png\" alt=\"Eurotec\" \/><\/figure><\/div><div class=\"swiper-slide\" role=\"group\" aria-roledescription=\"slide\" aria-label=\"2 de 4\"><figure class=\"swiper-slide-inner\"><img decoding=\"async\" class=\"swiper-slide-image\" src=\"https:\/\/corretja-sl.com\/wp-content\/uploads\/2025\/05\/Celo_1.png\" alt=\"Celo_1\" \/><\/figure><\/div><div class=\"swiper-slide\" role=\"group\" aria-roledescription=\"slide\" aria-label=\"3 de 4\"><figure class=\"swiper-slide-inner\"><img decoding=\"async\" class=\"swiper-slide-image\" src=\"https:\/\/corretja-sl.com\/wp-content\/uploads\/2025\/05\/Fischer_1.png\" alt=\"Fischer_1\" \/><\/figure><\/div><div class=\"swiper-slide\" role=\"group\" aria-roledescription=\"slide\" aria-label=\"4 de 4\"><figure class=\"swiper-slide-inner\"><img decoding=\"async\" class=\"swiper-slide-image\" src=\"https:\/\/corretja-sl.com\/wp-content\/uploads\/2025\/05\/Recense_1.png\" alt=\"Recense_1\" \/><\/figure><\/div>\t\t\t<\/div>\n\t\t\t\t\t\t\t\t\t\t\t\t<div class=\"elementor-swiper-button elementor-swiper-button-prev\" role=\"button\" tabindex=\"0\">\n\t\t\t\t\t\t<i aria-hidden=\"true\" class=\"eicon-chevron-left\"><\/i>\t\t\t\t\t<\/div>\n\t\t\t\t\t<div class=\"elementor-swiper-button elementor-swiper-button-next\" role=\"button\" tabindex=\"0\">\n\t\t\t\t\t\t<i aria-hidden=\"true\" class=\"eicon-chevron-right\"><\/i>\t\t\t\t\t<\/div>\n\t\t\t\t\n\t\t\t\t\t\t\t\t\t<div class=\"swiper-pagination\"><\/div>\n\t\t\t\t\t\t\t\t\t<\/div>\n\t\t\t\t\t\t<\/div>\n\t\t\t\t<\/div>\n\t\t<div class=\"elementor-element elementor-element-1626115 e-flex e-con-boxed e-con e-child\" data-id=\"1626115\" data-element_type=\"container\" data-e-type=\"container\">\n\t\t\t\t\t<div class=\"e-con-inner\">\n\t\t\t\t<div class=\"vamtam-has-theme-widget-styles elementor-element elementor-element-6236b56 elementor-widget elementor-widget-button\" data-id=\"6236b56\" data-element_type=\"widget\" data-e-type=\"widget\" data-widget_type=\"button.default\">\n\t\t\t\t<div class=\"elementor-widget-container\">\n\t\t\t\t\t\t\t\t\t<div class=\"elementor-button-wrapper\">\n\t\t\t\t\t<a class=\"elementor-button elementor-button-link elementor-size-sm\" href=\"https:\/\/corretja-sl.com\/es\/marcas-ferreteria\/marcas-caracoleria\/\">\n\t\t\t\t\t\t<span class=\"elementor-button-content-wrapper\">\n\t\t\t\t\t\t\t\t\t<span class=\"elementor-button-text\">Ver todas las marcas<\/span>\n\t\t\t\t\t<\/span>\n\t\t\t\t\t<\/a>\n\t\t\t\t<\/div>\n\t\t\t\t\t\t\t\t<\/div>\n\t\t\t\t<\/div>\n\t\t\t\t\t<\/div>\n\t\t\t\t<\/div>\n\t\t\t\t<\/div>\n\t\t\t\t<\/div>\n\t\t<div class=\"elementor-element elementor-element-84ea2b3 e-con-full e-flex e-con e-parent\" data-id=\"84ea2b3\" data-element_type=\"container\" data-e-type=\"container\" data-settings=\"{&quot;background_background&quot;:&quot;classic&quot;}\">\n\t\t<div class=\"elementor-element elementor-element-a441422 e-con-full e-flex e-con e-child\" data-id=\"a441422\" data-element_type=\"container\" data-e-type=\"container\">\n\t\t\t\t<div class=\"elementor-element elementor-element-0d8f2b9 elementor-widget__width-initial elementor-widget-tablet__width-inherit elementor-widget elementor-widget-heading\" data-id=\"0d8f2b9\" data-element_type=\"widget\" data-e-type=\"widget\" data-widget_type=\"heading.default\">\n\t\t\t\t<div class=\"elementor-widget-container\">\n\t\t\t\t\t<h4 class=\"elementor-heading-title elementor-size-default\">\u00a1Descubre todo lo que ofrecemos en ferreter\u00eda!\n<br><br>Tenemos soluciones personalizadas que se adaptan a tu espacio y estilo.<\/h4>\t\t\t\t<\/div>\n\t\t\t\t<\/div>\n\t\t<div class=\"elementor-element elementor-element-3ffc455 e-flex e-con-boxed e-con e-child\" data-id=\"3ffc455\" data-element_type=\"container\" data-e-type=\"container\">\n\t\t\t\t\t<div class=\"e-con-inner\">\n\t\t\t\t<div class=\"vamtam-has-theme-widget-styles elementor-element elementor-element-b7d8383 elementor-widget elementor-widget-button\" data-id=\"b7d8383\" data-element_type=\"widget\" data-e-type=\"widget\" data-widget_type=\"button.default\">\n\t\t\t\t<div class=\"elementor-widget-container\">\n\t\t\t\t\t\t\t\t\t<div class=\"elementor-button-wrapper\">\n\t\t\t\t\t<a class=\"elementor-button elementor-button-link elementor-size-sm\" href=\"#elementor-action%3Aaction%3Dpopup%3Aopen%26settings%3DeyJpZCI6Ijk4ODE5MiIsInRvZ2dsZSI6ZmFsc2UsImFsaWduX3dpdGhfcGFyZW50IjoiIn0%3D\">\n\t\t\t\t\t\t<span class=\"elementor-button-content-wrapper\">\n\t\t\t\t\t\t\t\t\t<span class=\"elementor-button-text\">Pedir m\u00e1s informaci\u00f3n<\/span>\n\t\t\t\t\t<\/span>\n\t\t\t\t\t<\/a>\n\t\t\t\t<\/div>\n\t\t\t\t\t\t\t\t<\/div>\n\t\t\t\t<\/div>\n\t\t\t\t\t<\/div>\n\t\t\t\t<\/div>\n\t\t\t\t<\/div>\n\t\t\t\t<\/div>\n\t\t\t\t<\/div>\n\t\t","protected":false},"excerpt":{"rendered":"<p>Caracoler\u00eda En Corretja damos mucha importancia al hecho de escoger el mejor m\u00e9todo de fijaci\u00f3n para cada proyecto. Por eso tenemos una gran gama de productos para todo tipo de anclajes y te ofrecemos todas las opciones de fijaci\u00f3n y todo tipo de tornillos para hormig\u00f3n, madera o acero con diferentes puntas, cabezas y materiales&#8230;.<\/p>\n","protected":false},"author":1,"featured_media":0,"parent":995562,"menu_order":0,"comment_status":"closed","ping_status":"closed","template":"","meta":{"footnotes":""},"class_list":["post-995602","page","type-page","status-publish","hentry"],"yoast_head":"<!-- This site is optimized with the Yoast SEO plugin v27.3 - https:\/\/yoast.com\/product\/yoast-seo-wordpress\/ -->\n<title>Materiales de ferreter\u00eda para torniller\u00eda | Corretja<\/title>\n<meta name=\"description\" content=\"Disponemos de una gran gama de productos para todo tipo de anclajes y todo tipo de tornillos para hormig\u00f3n, madera o acero con diferentes puntas, cabezas y materiales.\" \/>\n<meta name=\"robots\" content=\"index, follow, max-snippet:-1, max-image-preview:large, max-video-preview:-1\" \/>\n<link rel=\"canonical\" href=\"https:\/\/corretja-sl.com\/es\/ferreteria\/caracoleria\/\" \/>\n<meta property=\"og:locale\" content=\"es_ES\" \/>\n<meta property=\"og:type\" content=\"article\" \/>\n<meta property=\"og:title\" content=\"Materiales de ferreter\u00eda para torniller\u00eda | Corretja\" \/>\n<meta property=\"og:description\" content=\"Disponemos de una gran gama de productos para todo tipo de anclajes y todo tipo de tornillos para hormig\u00f3n, madera o acero con diferentes puntas, cabezas y materiales.\" \/>\n<meta property=\"og:url\" content=\"https:\/\/corretja-sl.com\/es\/ferreteria\/caracoleria\/\" \/>\n<meta property=\"og:site_name\" content=\"CORRETJA SL\" \/>\n<meta property=\"article:publisher\" content=\"https:\/\/www.facebook.com\/corretjavic\" \/>\n<meta property=\"article:modified_time\" content=\"2025-07-22T11:07:34+00:00\" \/>\n<meta property=\"og:image\" content=\"https:\/\/corretja-sl.com\/wp-content\/uploads\/2025\/06\/icona.png\" \/>\n\t<meta property=\"og:image:width\" content=\"800\" \/>\n\t<meta property=\"og:image:height\" content=\"800\" \/>\n\t<meta property=\"og:image:type\" content=\"image\/png\" \/>\n<meta name=\"twitter:card\" content=\"summary_large_image\" \/>\n<meta name=\"twitter:label1\" content=\"Tiempo de lectura\" \/>\n\t<meta name=\"twitter:data1\" content=\"1 minuto\" \/>\n<script type=\"application\/ld+json\" class=\"yoast-schema-graph\">{\"@context\":\"https:\\\/\\\/schema.org\",\"@graph\":[{\"@type\":\"WebPage\",\"@id\":\"https:\\\/\\\/corretja-sl.com\\\/es\\\/ferreteria\\\/caracoleria\\\/\",\"url\":\"https:\\\/\\\/corretja-sl.com\\\/es\\\/ferreteria\\\/caracoleria\\\/\",\"name\":\"Materiales de ferreter\u00eda para torniller\u00eda | Corretja\",\"isPartOf\":{\"@id\":\"https:\\\/\\\/corretja-sl.com\\\/es\\\/#website\"},\"primaryImageOfPage\":{\"@id\":\"https:\\\/\\\/corretja-sl.com\\\/es\\\/ferreteria\\\/caracoleria\\\/#primaryimage\"},\"image\":{\"@id\":\"https:\\\/\\\/corretja-sl.com\\\/es\\\/ferreteria\\\/caracoleria\\\/#primaryimage\"},\"thumbnailUrl\":\"https:\\\/\\\/corretja-sl.com\\\/wp-content\\\/uploads\\\/2025\\\/06\\\/icona-150x150.png\",\"datePublished\":\"2025-05-09T14:13:27+00:00\",\"dateModified\":\"2025-07-22T11:07:34+00:00\",\"description\":\"Disponemos de una gran gama de productos para todo tipo de anclajes y todo tipo de tornillos para hormig\u00f3n, madera o acero con diferentes puntas, cabezas y materiales.\",\"breadcrumb\":{\"@id\":\"https:\\\/\\\/corretja-sl.com\\\/es\\\/ferreteria\\\/caracoleria\\\/#breadcrumb\"},\"inLanguage\":\"es\",\"potentialAction\":[{\"@type\":\"ReadAction\",\"target\":[\"https:\\\/\\\/corretja-sl.com\\\/es\\\/ferreteria\\\/caracoleria\\\/\"]}]},{\"@type\":\"ImageObject\",\"inLanguage\":\"es\",\"@id\":\"https:\\\/\\\/corretja-sl.com\\\/es\\\/ferreteria\\\/caracoleria\\\/#primaryimage\",\"url\":\"https:\\\/\\\/corretja-sl.com\\\/wp-content\\\/uploads\\\/2025\\\/06\\\/icona-150x150.png\",\"contentUrl\":\"https:\\\/\\\/corretja-sl.com\\\/wp-content\\\/uploads\\\/2025\\\/06\\\/icona-150x150.png\"},{\"@type\":\"BreadcrumbList\",\"@id\":\"https:\\\/\\\/corretja-sl.com\\\/es\\\/ferreteria\\\/caracoleria\\\/#breadcrumb\",\"itemListElement\":[{\"@type\":\"ListItem\",\"position\":1,\"name\":\"Inici\",\"item\":\"https:\\\/\\\/corretja-sl.com\\\/es\\\/\"},{\"@type\":\"ListItem\",\"position\":2,\"name\":\"Ferreter\u00eda\",\"item\":\"https:\\\/\\\/corretja-sl.com\\\/es\\\/ferreteria\\\/\"},{\"@type\":\"ListItem\",\"position\":3,\"name\":\"Caracoler\u00eda\"}]},{\"@type\":\"WebSite\",\"@id\":\"https:\\\/\\\/corretja-sl.com\\\/es\\\/#website\",\"url\":\"https:\\\/\\\/corretja-sl.com\\\/es\\\/\",\"name\":\"Corretja\",\"description\":\"Corretja\",\"publisher\":{\"@id\":\"https:\\\/\\\/corretja-sl.com\\\/es\\\/#organization\"},\"alternateName\":\"Corretja SL\",\"potentialAction\":[{\"@type\":\"SearchAction\",\"target\":{\"@type\":\"EntryPoint\",\"urlTemplate\":\"https:\\\/\\\/corretja-sl.com\\\/es\\\/?s={search_term_string}\"},\"query-input\":{\"@type\":\"PropertyValueSpecification\",\"valueRequired\":true,\"valueName\":\"search_term_string\"}}],\"inLanguage\":\"es\"},{\"@type\":\"Organization\",\"@id\":\"https:\\\/\\\/corretja-sl.com\\\/es\\\/#organization\",\"name\":\"Corretja\",\"alternateName\":\"Corretja SL\",\"url\":\"https:\\\/\\\/corretja-sl.com\\\/es\\\/\",\"logo\":{\"@type\":\"ImageObject\",\"inLanguage\":\"es\",\"@id\":\"https:\\\/\\\/corretja-sl.com\\\/es\\\/#\\\/schema\\\/logo\\\/image\\\/\",\"url\":\"https:\\\/\\\/corretja-sl.com\\\/wp-content\\\/uploads\\\/2024\\\/03\\\/Logo_CORRETJA-1.png\",\"contentUrl\":\"https:\\\/\\\/corretja-sl.com\\\/wp-content\\\/uploads\\\/2024\\\/03\\\/Logo_CORRETJA-1.png\",\"width\":2270,\"height\":773,\"caption\":\"Corretja\"},\"image\":{\"@id\":\"https:\\\/\\\/corretja-sl.com\\\/es\\\/#\\\/schema\\\/logo\\\/image\\\/\"},\"sameAs\":[\"https:\\\/\\\/www.facebook.com\\\/corretjavic\",\"https:\\\/\\\/www.instagram.com\\\/corretja_sl\\\/\"]}]}<\/script>\n<!-- \/ Yoast SEO plugin. -->","yoast_head_json":{"title":"Materiales de ferreter\u00eda para torniller\u00eda | Corretja","description":"Disponemos de una gran gama de productos para todo tipo de anclajes y todo tipo de tornillos para hormig\u00f3n, madera o acero con diferentes puntas, cabezas y materiales.","robots":{"index":"index","follow":"follow","max-snippet":"max-snippet:-1","max-image-preview":"max-image-preview:large","max-video-preview":"max-video-preview:-1"},"canonical":"https:\/\/corretja-sl.com\/es\/ferreteria\/caracoleria\/","og_locale":"es_ES","og_type":"article","og_title":"Materiales de ferreter\u00eda para torniller\u00eda | Corretja","og_description":"Disponemos de una gran gama de productos para todo tipo de anclajes y todo tipo de tornillos para hormig\u00f3n, madera o acero con diferentes puntas, cabezas y materiales.","og_url":"https:\/\/corretja-sl.com\/es\/ferreteria\/caracoleria\/","og_site_name":"CORRETJA SL","article_publisher":"https:\/\/www.facebook.com\/corretjavic","article_modified_time":"2025-07-22T11:07:34+00:00","og_image":[{"width":800,"height":800,"url":"https:\/\/corretja-sl.com\/wp-content\/uploads\/2025\/06\/icona.png","type":"image\/png"}],"twitter_card":"summary_large_image","twitter_misc":{"Tiempo de lectura":"1 minuto"},"schema":{"@context":"https:\/\/schema.org","@graph":[{"@type":"WebPage","@id":"https:\/\/corretja-sl.com\/es\/ferreteria\/caracoleria\/","url":"https:\/\/corretja-sl.com\/es\/ferreteria\/caracoleria\/","name":"Materiales de ferreter\u00eda para torniller\u00eda | Corretja","isPartOf":{"@id":"https:\/\/corretja-sl.com\/es\/#website"},"primaryImageOfPage":{"@id":"https:\/\/corretja-sl.com\/es\/ferreteria\/caracoleria\/#primaryimage"},"image":{"@id":"https:\/\/corretja-sl.com\/es\/ferreteria\/caracoleria\/#primaryimage"},"thumbnailUrl":"https:\/\/corretja-sl.com\/wp-content\/uploads\/2025\/06\/icona-150x150.png","datePublished":"2025-05-09T14:13:27+00:00","dateModified":"2025-07-22T11:07:34+00:00","description":"Disponemos de una gran gama de productos para todo tipo de anclajes y todo tipo de tornillos para hormig\u00f3n, madera o acero con diferentes puntas, cabezas y materiales.","breadcrumb":{"@id":"https:\/\/corretja-sl.com\/es\/ferreteria\/caracoleria\/#breadcrumb"},"inLanguage":"es","potentialAction":[{"@type":"ReadAction","target":["https:\/\/corretja-sl.com\/es\/ferreteria\/caracoleria\/"]}]},{"@type":"ImageObject","inLanguage":"es","@id":"https:\/\/corretja-sl.com\/es\/ferreteria\/caracoleria\/#primaryimage","url":"https:\/\/corretja-sl.com\/wp-content\/uploads\/2025\/06\/icona-150x150.png","contentUrl":"https:\/\/corretja-sl.com\/wp-content\/uploads\/2025\/06\/icona-150x150.png"},{"@type":"BreadcrumbList","@id":"https:\/\/corretja-sl.com\/es\/ferreteria\/caracoleria\/#breadcrumb","itemListElement":[{"@type":"ListItem","position":1,"name":"Inici","item":"https:\/\/corretja-sl.com\/es\/"},{"@type":"ListItem","position":2,"name":"Ferreter\u00eda","item":"https:\/\/corretja-sl.com\/es\/ferreteria\/"},{"@type":"ListItem","position":3,"name":"Caracoler\u00eda"}]},{"@type":"WebSite","@id":"https:\/\/corretja-sl.com\/es\/#website","url":"https:\/\/corretja-sl.com\/es\/","name":"Corretja","description":"Corretja","publisher":{"@id":"https:\/\/corretja-sl.com\/es\/#organization"},"alternateName":"Corretja SL","potentialAction":[{"@type":"SearchAction","target":{"@type":"EntryPoint","urlTemplate":"https:\/\/corretja-sl.com\/es\/?s={search_term_string}"},"query-input":{"@type":"PropertyValueSpecification","valueRequired":true,"valueName":"search_term_string"}}],"inLanguage":"es"},{"@type":"Organization","@id":"https:\/\/corretja-sl.com\/es\/#organization","name":"Corretja","alternateName":"Corretja SL","url":"https:\/\/corretja-sl.com\/es\/","logo":{"@type":"ImageObject","inLanguage":"es","@id":"https:\/\/corretja-sl.com\/es\/#\/schema\/logo\/image\/","url":"https:\/\/corretja-sl.com\/wp-content\/uploads\/2024\/03\/Logo_CORRETJA-1.png","contentUrl":"https:\/\/corretja-sl.com\/wp-content\/uploads\/2024\/03\/Logo_CORRETJA-1.png","width":2270,"height":773,"caption":"Corretja"},"image":{"@id":"https:\/\/corretja-sl.com\/es\/#\/schema\/logo\/image\/"},"sameAs":["https:\/\/www.facebook.com\/corretjavic","https:\/\/www.instagram.com\/corretja_sl\/"]}]}},"_links":{"self":[{"href":"https:\/\/corretja-sl.com\/es\/wp-json\/wp\/v2\/pages\/995602","targetHints":{"allow":["GET"]}}],"collection":[{"href":"https:\/\/corretja-sl.com\/es\/wp-json\/wp\/v2\/pages"}],"about":[{"href":"https:\/\/corretja-sl.com\/es\/wp-json\/wp\/v2\/types\/page"}],"author":[{"embeddable":true,"href":"https:\/\/corretja-sl.com\/es\/wp-json\/wp\/v2\/users\/1"}],"replies":[{"embeddable":true,"href":"https:\/\/corretja-sl.com\/es\/wp-json\/wp\/v2\/comments?post=995602"}],"version-history":[{"count":2,"href":"https:\/\/corretja-sl.com\/es\/wp-json\/wp\/v2\/pages\/995602\/revisions"}],"predecessor-version":[{"id":995748,"href":"https:\/\/corretja-sl.com\/es\/wp-json\/wp\/v2\/pages\/995602\/revisions\/995748"}],"up":[{"embeddable":true,"href":"https:\/\/corretja-sl.com\/es\/wp-json\/wp\/v2\/pages\/995562"}],"wp:attachment":[{"href":"https:\/\/corretja-sl.com\/es\/wp-json\/wp\/v2\/media?parent=995602"}],"curies":[{"name":"wp","href":"https:\/\/api.w.org\/{rel}","templated":true}]}}