{"id":995841,"date":"2024-04-04T12:14:05","date_gmt":"2024-04-04T10:14:05","guid":{"rendered":"https:\/\/corretja-sl.com\/politica-de-cookies\/"},"modified":"2025-07-30T10:43:46","modified_gmt":"2025-07-30T08:43:46","slug":"politica-de-cookies","status":"publish","type":"page","link":"https:\/\/corretja-sl.com\/es\/politica-de-cookies\/","title":{"rendered":"Pol\u00edtica de cookies"},"content":{"rendered":"\t\t<div data-elementor-type=\"wp-page\" data-elementor-id=\"995841\" class=\"elementor elementor-995841\" data-elementor-post-type=\"page\">\n\t\t\t\t<div class=\"elementor-element elementor-element-89253c5 e-flex e-con-boxed e-con e-parent\" data-id=\"89253c5\" data-element_type=\"container\" data-e-type=\"container\">\n\t\t\t\t\t<div class=\"e-con-inner\">\n\t\t\t\t<div class=\"vamtam-has-theme-widget-styles elementor-element elementor-element-bd0687b elementor-widget elementor-widget-text-editor\" data-id=\"bd0687b\" data-element_type=\"widget\" data-e-type=\"widget\" data-widget_type=\"text-editor.default\">\n\t\t\t\t<div class=\"elementor-widget-container\">\n\t\t\t\t\t\t\t\t\t<p>Las cookies constituyen procedimientos autom\u00e1ticos de recogida de informaci\u00f3n relativa a las preferencias determinadas por un usuario de internet durante tu visita a una determinada web con el fin de reconocerte como usuario recurrente, personalizar su uso y facilitar una navegaci\u00f3n m\u00e1s r\u00e1pida. <\/p>\n<p><\/p>\n<p><\/p>\n<p><strong>Cookies t\u00e9cnicas<\/strong><br>Las cookies t\u00e9cnicas son esenciales y necesarias para que la web funcione correctamente y para utilizar las diversas opciones y servicios que ofrece.<\/p>\n<p><\/p>\n<p><\/p>\n<p><\/p>\n<p><\/p>\n<p><em>Ejemplo:<\/em><\/p>\n<p><\/p>\n<p><\/p>\n<figure class=\"wp-block-table\">\n<table>\n<tbody>\n<tr>\n<td>NOMBRE<\/td>\n<td>TIPO<\/td>\n<td>FINALIDAD<\/td>\n<\/tr>\n<tr>\n<td>PHPSESSID<\/td>\n<td>Sesi\u00f3n <\/td>\n<td>Esta cookie se utiliza para guardar los datos de la sesi\u00f3n del usuario. Es esencial para el funcionamiento de la web. <\/td>\n<\/tr>\n<tr>\n<td>lang<\/td>\n<td>Personalizaci\u00f3n<\/td>\n<td>Cookie utilizada para mantener y recordar el idioma actual en el que navega el usuario.<\/td>\n<\/tr>\n<tr>\n<td>cookies, cookiesNav<\/td>\n<td>Personalizaci\u00f3n<\/td>\n<td>Cookie que identifica si el usuario ha aceptado el uso de cookies<\/td>.\n<\/tr>\n<\/tbody>\n<\/table>\n<\/figure>\n<p><\/p>\n<p><\/p>\n<p> <\/p>\n<p><strong>Cookies anal\u00edticas<\/strong><br>Nuestro sitio web utiliza cookies de Google Analytics. La informaci\u00f3n que recogen estas cookies es transferida y archivada por Google en sus servidores de Estados Unidos, de acuerdo a sus pr\u00e1cticas de privacidad. Para obtener m\u00e1s informaci\u00f3n sobre las pr\u00e1cticas de privacidad de Google y c\u00f3mo se aplican a Google Analytics visite: <a href=\"https:\/\/static.googleusercontent.com\/media\/www.google.com\/ca\/intl\/es\/policies\/privacy\/google_privacy_policy_es.pdf\" target=\"_blank\" rel=\"noreferrer noopener\">Pol\u00edtica de Privacidad de Google Analytics<\/a>  <\/p>\n<p><\/p>\n<p><\/p>\n<p><\/p>\n<p><\/p>\n<figure class=\"wp-block-table\">\n<table>\n<tbody>\n<tr>\n<td>NOMBRE<\/td>\n<td>TIPO<\/td>\n<td>FINALIDAD<\/td>\n<\/tr>\n<tr>\n<td>_utma, _utmb, _utmc, _utmet, _utmz, _ga, _gat, _gid<\/td>\n<td>Anal\u00edticas<\/td>\n<td>Estas cookies son establecidas por Google Analytics para rastrear el uso de la Web. Estas cookies no se establecen si deshabilita las cookies por esta web. <\/td>\n<\/tr>\n<\/tbody>\n<\/table>\n<\/figure>\n<p><\/p>\n<p><\/p>\n<p> <\/p>\n<p><strong>C\u00f3mo controlar y eliminar las cookies<\/strong><br>La mayor\u00eda de los navegadores web aceptan cookies, pero puede cambiar la configuraci\u00f3n del navegador web para que rechace nuevas cookies, desactive las que ya existen o que le comunique cuando alguien le env\u00eda una nueva cookie a su dispositivo. Para cambiar la configuraci\u00f3n siga las instrucciones que le proporciona cada navegador: <\/p>\n<p><\/p>\n<p><\/p>\n<p><\/p>\n<p><\/p>\n<ul>\n<li><strong>Internet Explorer<\/strong>: Herramientas &gt;Opciones de internet &lt;&gt; Privacidad O <a href=\"http:\/\/windows.microsoft.com\/es-es\/internet-explorer\/delete-manage-cookies#ie=ie-11\" target=\"_blank\" rel=\"noreferrer noopener\">haz clic aqu\u00ed<\/a> para m\u00e1s informaci\u00f3n.<\/li>\n<li><strong>Firefox:<\/strong> Herramientas &gt; Opciones &gt; Privacidad &gt; Historial &gt;Par\u00e1metros personalizados. O <a href=\"http:\/\/support.mozilla.org\/es\/kb\/habilitar-y-deshabilitar-cookies-que-los-sitios-we\" target=\"_blank\" rel=\"noreferrer noopener\">haz clic aqu\u00ed <\/a>para m\u00e1s informaci\u00f3n. <\/li>\n<li><strong>Chrome:<\/strong> Configuraci\u00f3n &gt;Muestra la configuraci\u00f3n avanzada &gt; Privacidad &gt; Configuraci\u00f3n del contenido O <a href=\"https:\/\/support.google.com\/chrome\/answer\/95647?hl=ca\" target=\"_blank\" rel=\"noreferrer noopener\">haz clic aqu\u00ed <\/a>para m\u00e1s informaci\u00f3n. <\/li>\n<li><strong>Safari<\/strong>: Preferencias &lt;&gt; Seguridad. O bien <a href=\"http:\/\/support.apple.com\/kb\/HT1677?viewlocale=es_ES\" target=\"_blank\" rel=\"noreferrer noopener\">haz clic aqu\u00ed <\/a>para m\u00e1s informaci\u00f3n. <\/li>\n<li><strong>Opera<\/strong>: Configuraci\u00f3n. O <a href=\"http:\/\/www.opera.com\/help\/tutorials\/security\/privacy\/\" target=\"_blank\" rel=\"noreferrer noopener\">haz clic aqu\u00ed <\/a>para m\u00e1s informaci\u00f3n. <\/li>\n<\/ul>\n<p><\/p>\n<p><\/p>\n<p>Bloquear el uso de las cookies en su navegaci\u00f3n puede hacer que algunos servicios o caracter\u00edsticas del sitio web no est\u00e9n disponibles.<\/p>\t\t\t\t\t\t\t\t<\/div>\n\t\t\t\t<\/div>\n\t\t\t\t\t<\/div>\n\t\t\t\t<\/div>\n\t\t\t\t<\/div>\n\t\t","protected":false},"excerpt":{"rendered":"<p>Las cookies constituyen procedimientos autom\u00e1ticos de recogida de informaci\u00f3n relativa a las preferencias determinadas por un usuario de internet durante tu visita a una determinada web con el fin de reconocerte como usuario recurrente, personalizar su uso y facilitar una navegaci\u00f3n m\u00e1s r\u00e1pida. Cookies t\u00e9cnicas Las cookies t\u00e9cnicas son esenciales y necesarias para que la&#8230;<\/p>\n","protected":false},"author":1,"featured_media":0,"parent":0,"menu_order":0,"comment_status":"closed","ping_status":"closed","template":"","meta":{"footnotes":""},"class_list":["post-995841","page","type-page","status-publish","hentry"],"yoast_head":"<!-- This site is optimized with the Yoast SEO plugin v27.4 - https:\/\/yoast.com\/product\/yoast-seo-wordpress\/ -->\n<title>Pol\u00edtica de cookies | CORRETJA SL<\/title>\n<meta name=\"robots\" content=\"noindex, follow\" \/>\n<meta property=\"og:locale\" content=\"es_ES\" \/>\n<meta property=\"og:type\" content=\"article\" \/>\n<meta property=\"og:title\" content=\"Pol\u00edtica de cookies | CORRETJA SL\" \/>\n<meta property=\"og:description\" content=\"Las cookies constituyen procedimientos autom\u00e1ticos de recogida de informaci\u00f3n relativa a las preferencias determinadas por un usuario de internet durante tu visita a una determinada web con el fin de reconocerte como usuario recurrente, personalizar su uso y facilitar una navegaci\u00f3n m\u00e1s r\u00e1pida. Cookies t\u00e9cnicas Las cookies t\u00e9cnicas son esenciales y necesarias para que la...\" \/>\n<meta property=\"og:url\" content=\"https:\/\/corretja-sl.com\/es\/politica-de-cookies\/\" \/>\n<meta property=\"og:site_name\" content=\"CORRETJA SL\" \/>\n<meta property=\"article:publisher\" content=\"https:\/\/www.facebook.com\/corretjavic\" \/>\n<meta property=\"article:modified_time\" content=\"2025-07-30T08:43:46+00:00\" \/>\n<meta property=\"og:image\" content=\"https:\/\/corretja-sl.com\/wp-content\/uploads\/2024\/03\/Logo_CORRETJA-1-1-scaled.png\" \/>\n\t<meta property=\"og:image:width\" content=\"2560\" \/>\n\t<meta property=\"og:image:height\" content=\"872\" \/>\n\t<meta property=\"og:image:type\" content=\"image\/png\" \/>\n<meta name=\"twitter:card\" content=\"summary_large_image\" \/>\n<meta name=\"twitter:label1\" content=\"Tiempo de lectura\" \/>\n\t<meta name=\"twitter:data1\" content=\"3 minutos\" \/>\n<script type=\"application\/ld+json\" class=\"yoast-schema-graph\">{\"@context\":\"https:\\\/\\\/schema.org\",\"@graph\":[{\"@type\":\"WebPage\",\"@id\":\"https:\\\/\\\/corretja-sl.com\\\/es\\\/politica-de-cookies\\\/\",\"url\":\"https:\\\/\\\/corretja-sl.com\\\/es\\\/politica-de-cookies\\\/\",\"name\":\"Pol\u00edtica de cookies | CORRETJA SL\",\"isPartOf\":{\"@id\":\"https:\\\/\\\/corretja-sl.com\\\/es\\\/#website\"},\"datePublished\":\"2024-04-04T10:14:05+00:00\",\"dateModified\":\"2025-07-30T08:43:46+00:00\",\"breadcrumb\":{\"@id\":\"https:\\\/\\\/corretja-sl.com\\\/es\\\/politica-de-cookies\\\/#breadcrumb\"},\"inLanguage\":\"es\",\"potentialAction\":[{\"@type\":\"ReadAction\",\"target\":[\"https:\\\/\\\/corretja-sl.com\\\/es\\\/politica-de-cookies\\\/\"]}]},{\"@type\":\"BreadcrumbList\",\"@id\":\"https:\\\/\\\/corretja-sl.com\\\/es\\\/politica-de-cookies\\\/#breadcrumb\",\"itemListElement\":[{\"@type\":\"ListItem\",\"position\":1,\"name\":\"Inici\",\"item\":\"https:\\\/\\\/corretja-sl.com\\\/es\\\/\"},{\"@type\":\"ListItem\",\"position\":2,\"name\":\"Pol\u00edtica de cookies\"}]},{\"@type\":\"WebSite\",\"@id\":\"https:\\\/\\\/corretja-sl.com\\\/es\\\/#website\",\"url\":\"https:\\\/\\\/corretja-sl.com\\\/es\\\/\",\"name\":\"Corretja\",\"description\":\"Corretja\",\"publisher\":{\"@id\":\"https:\\\/\\\/corretja-sl.com\\\/es\\\/#organization\"},\"alternateName\":\"Corretja SL\",\"potentialAction\":[{\"@type\":\"SearchAction\",\"target\":{\"@type\":\"EntryPoint\",\"urlTemplate\":\"https:\\\/\\\/corretja-sl.com\\\/es\\\/?s={search_term_string}\"},\"query-input\":{\"@type\":\"PropertyValueSpecification\",\"valueRequired\":true,\"valueName\":\"search_term_string\"}}],\"inLanguage\":\"es\"},{\"@type\":\"Organization\",\"@id\":\"https:\\\/\\\/corretja-sl.com\\\/es\\\/#organization\",\"name\":\"Corretja\",\"alternateName\":\"Corretja SL\",\"url\":\"https:\\\/\\\/corretja-sl.com\\\/es\\\/\",\"logo\":{\"@type\":\"ImageObject\",\"inLanguage\":\"es\",\"@id\":\"https:\\\/\\\/corretja-sl.com\\\/es\\\/#\\\/schema\\\/logo\\\/image\\\/\",\"url\":\"https:\\\/\\\/corretja-sl.com\\\/wp-content\\\/uploads\\\/2024\\\/03\\\/Logo_CORRETJA-1.png\",\"contentUrl\":\"https:\\\/\\\/corretja-sl.com\\\/wp-content\\\/uploads\\\/2024\\\/03\\\/Logo_CORRETJA-1.png\",\"width\":2270,\"height\":773,\"caption\":\"Corretja\"},\"image\":{\"@id\":\"https:\\\/\\\/corretja-sl.com\\\/es\\\/#\\\/schema\\\/logo\\\/image\\\/\"},\"sameAs\":[\"https:\\\/\\\/www.facebook.com\\\/corretjavic\",\"https:\\\/\\\/www.instagram.com\\\/corretja_sl\\\/\"]}]}<\/script>\n<!-- \/ Yoast SEO plugin. -->","yoast_head_json":{"title":"Pol\u00edtica de cookies | CORRETJA SL","robots":{"index":"noindex","follow":"follow"},"og_locale":"es_ES","og_type":"article","og_title":"Pol\u00edtica de cookies | CORRETJA SL","og_description":"Las cookies constituyen procedimientos autom\u00e1ticos de recogida de informaci\u00f3n relativa a las preferencias determinadas por un usuario de internet durante tu visita a una determinada web con el fin de reconocerte como usuario recurrente, personalizar su uso y facilitar una navegaci\u00f3n m\u00e1s r\u00e1pida. Cookies t\u00e9cnicas Las cookies t\u00e9cnicas son esenciales y necesarias para que la...","og_url":"https:\/\/corretja-sl.com\/es\/politica-de-cookies\/","og_site_name":"CORRETJA SL","article_publisher":"https:\/\/www.facebook.com\/corretjavic","article_modified_time":"2025-07-30T08:43:46+00:00","og_image":[{"width":2560,"height":872,"url":"https:\/\/corretja-sl.com\/wp-content\/uploads\/2024\/03\/Logo_CORRETJA-1-1-scaled.png","type":"image\/png"}],"twitter_card":"summary_large_image","twitter_misc":{"Tiempo de lectura":"3 minutos"},"schema":{"@context":"https:\/\/schema.org","@graph":[{"@type":"WebPage","@id":"https:\/\/corretja-sl.com\/es\/politica-de-cookies\/","url":"https:\/\/corretja-sl.com\/es\/politica-de-cookies\/","name":"Pol\u00edtica de cookies | CORRETJA SL","isPartOf":{"@id":"https:\/\/corretja-sl.com\/es\/#website"},"datePublished":"2024-04-04T10:14:05+00:00","dateModified":"2025-07-30T08:43:46+00:00","breadcrumb":{"@id":"https:\/\/corretja-sl.com\/es\/politica-de-cookies\/#breadcrumb"},"inLanguage":"es","potentialAction":[{"@type":"ReadAction","target":["https:\/\/corretja-sl.com\/es\/politica-de-cookies\/"]}]},{"@type":"BreadcrumbList","@id":"https:\/\/corretja-sl.com\/es\/politica-de-cookies\/#breadcrumb","itemListElement":[{"@type":"ListItem","position":1,"name":"Inici","item":"https:\/\/corretja-sl.com\/es\/"},{"@type":"ListItem","position":2,"name":"Pol\u00edtica de cookies"}]},{"@type":"WebSite","@id":"https:\/\/corretja-sl.com\/es\/#website","url":"https:\/\/corretja-sl.com\/es\/","name":"Corretja","description":"Corretja","publisher":{"@id":"https:\/\/corretja-sl.com\/es\/#organization"},"alternateName":"Corretja SL","potentialAction":[{"@type":"SearchAction","target":{"@type":"EntryPoint","urlTemplate":"https:\/\/corretja-sl.com\/es\/?s={search_term_string}"},"query-input":{"@type":"PropertyValueSpecification","valueRequired":true,"valueName":"search_term_string"}}],"inLanguage":"es"},{"@type":"Organization","@id":"https:\/\/corretja-sl.com\/es\/#organization","name":"Corretja","alternateName":"Corretja SL","url":"https:\/\/corretja-sl.com\/es\/","logo":{"@type":"ImageObject","inLanguage":"es","@id":"https:\/\/corretja-sl.com\/es\/#\/schema\/logo\/image\/","url":"https:\/\/corretja-sl.com\/wp-content\/uploads\/2024\/03\/Logo_CORRETJA-1.png","contentUrl":"https:\/\/corretja-sl.com\/wp-content\/uploads\/2024\/03\/Logo_CORRETJA-1.png","width":2270,"height":773,"caption":"Corretja"},"image":{"@id":"https:\/\/corretja-sl.com\/es\/#\/schema\/logo\/image\/"},"sameAs":["https:\/\/www.facebook.com\/corretjavic","https:\/\/www.instagram.com\/corretja_sl\/"]}]}},"_links":{"self":[{"href":"https:\/\/corretja-sl.com\/es\/wp-json\/wp\/v2\/pages\/995841","targetHints":{"allow":["GET"]}}],"collection":[{"href":"https:\/\/corretja-sl.com\/es\/wp-json\/wp\/v2\/pages"}],"about":[{"href":"https:\/\/corretja-sl.com\/es\/wp-json\/wp\/v2\/types\/page"}],"author":[{"embeddable":true,"href":"https:\/\/corretja-sl.com\/es\/wp-json\/wp\/v2\/users\/1"}],"replies":[{"embeddable":true,"href":"https:\/\/corretja-sl.com\/es\/wp-json\/wp\/v2\/comments?post=995841"}],"version-history":[{"count":15,"href":"https:\/\/corretja-sl.com\/es\/wp-json\/wp\/v2\/pages\/995841\/revisions"}],"predecessor-version":[{"id":996050,"href":"https:\/\/corretja-sl.com\/es\/wp-json\/wp\/v2\/pages\/995841\/revisions\/996050"}],"wp:attachment":[{"href":"https:\/\/corretja-sl.com\/es\/wp-json\/wp\/v2\/media?parent=995841"}],"curies":[{"name":"wp","href":"https:\/\/api.w.org\/{rel}","templated":true}]}}